{"id":4138,"date":"2022-04-15T15:17:11","date_gmt":"2022-04-15T13:17:11","guid":{"rendered":"https:\/\/quizzical-feynman.109-235-78-22.plesk.page\/?page_id=4138"},"modified":"2022-04-15T15:17:13","modified_gmt":"2022-04-15T13:17:13","slug":"begrenzte-informationen","status":"publish","type":"page","link":"https:\/\/kustwacht.nl\/de\/begrenzte-informationen\/","title":{"rendered":"Begrenzte Informationen"},"content":{"rendered":"","protected":false},"excerpt":{"rendered":"","protected":false},"author":4,"featured_media":0,"parent":0,"menu_order":80,"comment_status":"closed","ping_status":"closed","template":"","meta":{"_acf_changed":false,"inline_featured_image":false,"footnotes":""},"categories":[],"post_tag":[],"class_list":["post-4138","page","type-page","status-publish","hentry"],"acf":[],"yoast_head":"<!-- This site is optimized with the Yoast SEO plugin v27.4 - https:\/\/yoast.com\/product\/yoast-seo-wordpress\/ -->\n<title>Begrenzte Informationen - K\u00fcstenwache Niederlande<\/title>\n<meta name=\"description\" content=\"Die deutsche Version unserer Website beschr\u00e4nkt sich auf Notfallhilfe und Unterst\u00fctzung auf See (Pannenhilfe). Weitere Informationen finden Sie in der niederl\u00e4ndischen oder englischen Version unserer Website.\" \/>\n<meta name=\"robots\" content=\"index, follow, max-snippet:-1, max-image-preview:large, max-video-preview:-1\" \/>\n<link rel=\"canonical\" href=\"https:\/\/kustwacht.nl\/de\/begrenzte-informationen\/\" \/>\n<meta property=\"og:locale\" content=\"de_DE\" \/>\n<meta property=\"og:type\" content=\"article\" \/>\n<meta property=\"og:title\" content=\"Begrenzte Informationen - K\u00fcstenwache Niederlande\" \/>\n<meta property=\"og:description\" content=\"Die deutsche Version unserer Website beschr\u00e4nkt sich auf Notfallhilfe und Unterst\u00fctzung auf See (Pannenhilfe). Weitere Informationen finden Sie in der niederl\u00e4ndischen oder englischen Version unserer Website.\" \/>\n<meta property=\"og:url\" content=\"https:\/\/kustwacht.nl\/de\/begrenzte-informationen\/\" \/>\n<meta property=\"og:site_name\" content=\"K\u00fcstenwache Niederlande\" \/>\n<meta property=\"article:modified_time\" content=\"2022-04-15T13:17:13+00:00\" \/>\n<meta name=\"twitter:card\" content=\"summary_large_image\" \/>\n<script type=\"application\/ld+json\" class=\"yoast-schema-graph\">{\"@context\":\"https:\\\/\\\/schema.org\",\"@graph\":[{\"@type\":\"WebPage\",\"@id\":\"https:\\\/\\\/kustwacht.nl\\\/de\\\/begrenzte-informationen\\\/\",\"url\":\"https:\\\/\\\/kustwacht.nl\\\/de\\\/begrenzte-informationen\\\/\",\"name\":\"Begrenzte Informationen - K\u00fcstenwache Niederlande\",\"isPartOf\":{\"@id\":\"https:\\\/\\\/kustwacht.nl\\\/de\\\/#website\"},\"datePublished\":\"2022-04-15T13:17:11+00:00\",\"dateModified\":\"2022-04-15T13:17:13+00:00\",\"breadcrumb\":{\"@id\":\"https:\\\/\\\/kustwacht.nl\\\/de\\\/begrenzte-informationen\\\/#breadcrumb\"},\"inLanguage\":\"de-DE\",\"potentialAction\":[{\"@type\":\"ReadAction\",\"target\":[\"https:\\\/\\\/kustwacht.nl\\\/de\\\/begrenzte-informationen\\\/\"]}]},{\"@type\":\"BreadcrumbList\",\"@id\":\"https:\\\/\\\/kustwacht.nl\\\/de\\\/begrenzte-informationen\\\/#breadcrumb\",\"itemListElement\":[{\"@type\":\"ListItem\",\"position\":1,\"name\":\"Home\",\"item\":\"https:\\\/\\\/kustwacht.nl\\\/de\\\/\"},{\"@type\":\"ListItem\",\"position\":2,\"name\":\"Begrenzte Informationen\"}]},{\"@type\":\"WebSite\",\"@id\":\"https:\\\/\\\/kustwacht.nl\\\/de\\\/#website\",\"url\":\"https:\\\/\\\/kustwacht.nl\\\/de\\\/\",\"name\":\"K\u00fcstenwache Niederlande\",\"description\":\"En nog een WordPress site\",\"potentialAction\":[{\"@type\":\"SearchAction\",\"target\":{\"@type\":\"EntryPoint\",\"urlTemplate\":\"https:\\\/\\\/kustwacht.nl\\\/de\\\/?s={search_term_string}\"},\"query-input\":{\"@type\":\"PropertyValueSpecification\",\"valueRequired\":true,\"valueName\":\"search_term_string\"}}],\"inLanguage\":\"de-DE\"}]}<\/script>\n<!-- \/ Yoast SEO plugin. -->","yoast_head_json":{"title":"Begrenzte Informationen - K\u00fcstenwache Niederlande","description":"Die deutsche Version unserer Website beschr\u00e4nkt sich auf Notfallhilfe und Unterst\u00fctzung auf See (Pannenhilfe). Weitere Informationen finden Sie in der niederl\u00e4ndischen oder englischen Version unserer Website.","robots":{"index":"index","follow":"follow","max-snippet":"max-snippet:-1","max-image-preview":"max-image-preview:large","max-video-preview":"max-video-preview:-1"},"canonical":"https:\/\/kustwacht.nl\/de\/begrenzte-informationen\/","og_locale":"de_DE","og_type":"article","og_title":"Begrenzte Informationen - K\u00fcstenwache Niederlande","og_description":"Die deutsche Version unserer Website beschr\u00e4nkt sich auf Notfallhilfe und Unterst\u00fctzung auf See (Pannenhilfe). Weitere Informationen finden Sie in der niederl\u00e4ndischen oder englischen Version unserer Website.","og_url":"https:\/\/kustwacht.nl\/de\/begrenzte-informationen\/","og_site_name":"K\u00fcstenwache Niederlande","article_modified_time":"2022-04-15T13:17:13+00:00","twitter_card":"summary_large_image","schema":{"@context":"https:\/\/schema.org","@graph":[{"@type":"WebPage","@id":"https:\/\/kustwacht.nl\/de\/begrenzte-informationen\/","url":"https:\/\/kustwacht.nl\/de\/begrenzte-informationen\/","name":"Begrenzte Informationen - K\u00fcstenwache Niederlande","isPartOf":{"@id":"https:\/\/kustwacht.nl\/de\/#website"},"datePublished":"2022-04-15T13:17:11+00:00","dateModified":"2022-04-15T13:17:13+00:00","breadcrumb":{"@id":"https:\/\/kustwacht.nl\/de\/begrenzte-informationen\/#breadcrumb"},"inLanguage":"de-DE","potentialAction":[{"@type":"ReadAction","target":["https:\/\/kustwacht.nl\/de\/begrenzte-informationen\/"]}]},{"@type":"BreadcrumbList","@id":"https:\/\/kustwacht.nl\/de\/begrenzte-informationen\/#breadcrumb","itemListElement":[{"@type":"ListItem","position":1,"name":"Home","item":"https:\/\/kustwacht.nl\/de\/"},{"@type":"ListItem","position":2,"name":"Begrenzte Informationen"}]},{"@type":"WebSite","@id":"https:\/\/kustwacht.nl\/de\/#website","url":"https:\/\/kustwacht.nl\/de\/","name":"K\u00fcstenwache Niederlande","description":"En nog een WordPress site","potentialAction":[{"@type":"SearchAction","target":{"@type":"EntryPoint","urlTemplate":"https:\/\/kustwacht.nl\/de\/?s={search_term_string}"},"query-input":{"@type":"PropertyValueSpecification","valueRequired":true,"valueName":"search_term_string"}}],"inLanguage":"de-DE"}]}},"_links":{"self":[{"href":"https:\/\/kustwacht.nl\/de\/wp-json\/wp\/v2\/pages\/4138","targetHints":{"allow":["GET"]}}],"collection":[{"href":"https:\/\/kustwacht.nl\/de\/wp-json\/wp\/v2\/pages"}],"about":[{"href":"https:\/\/kustwacht.nl\/de\/wp-json\/wp\/v2\/types\/page"}],"author":[{"embeddable":true,"href":"https:\/\/kustwacht.nl\/de\/wp-json\/wp\/v2\/users\/4"}],"replies":[{"embeddable":true,"href":"https:\/\/kustwacht.nl\/de\/wp-json\/wp\/v2\/comments?post=4138"}],"version-history":[{"count":0,"href":"https:\/\/kustwacht.nl\/de\/wp-json\/wp\/v2\/pages\/4138\/revisions"}],"wp:attachment":[{"href":"https:\/\/kustwacht.nl\/de\/wp-json\/wp\/v2\/media?parent=4138"}],"wp:term":[{"taxonomy":"category","embeddable":true,"href":"https:\/\/kustwacht.nl\/de\/wp-json\/wp\/v2\/categories?post=4138"},{"taxonomy":"post_tag","embeddable":true,"href":"https:\/\/kustwacht.nl\/de\/wp-json\/wp\/v2\/post_tag?post=4138"}],"curies":[{"name":"wp","href":"https:\/\/api.w.org\/{rel}","templated":true}]}}