{"id":3937,"date":"2022-01-31T11:50:12","date_gmt":"2022-01-31T10:50:12","guid":{"rendered":"https:\/\/quizzical-feynman.109-235-78-22.plesk.page\/?page_id=3937"},"modified":"2025-06-06T12:09:16","modified_gmt":"2025-06-06T10:09:16","slug":"niederlaendische-kuestenwache","status":"publish","type":"page","link":"https:\/\/kustwacht.nl\/de\/","title":{"rendered":"Niederl\u00e4ndische K\u00fcstenwache"},"content":{"rendered":"","protected":false},"excerpt":{"rendered":"","protected":false},"author":4,"featured_media":407,"parent":0,"menu_order":202,"comment_status":"closed","ping_status":"closed","template":"front-page.php","meta":{"_acf_changed":false,"inline_featured_image":false,"footnotes":""},"categories":[],"post_tag":[],"class_list":["post-3937","page","type-page","status-publish","has-post-thumbnail","hentry"],"acf":[],"yoast_head":"<!-- This site is optimized with the Yoast SEO plugin v27.3 - https:\/\/yoast.com\/product\/yoast-seo-wordpress\/ -->\n<title>Niederl\u00e4ndische K\u00fcstenwache - K\u00fcstenwache Niederlande<\/title>\n<meta name=\"robots\" content=\"index, follow, max-snippet:-1, max-image-preview:large, max-video-preview:-1\" \/>\n<link rel=\"canonical\" href=\"https:\/\/kustwacht.nl\/de\/\" \/>\n<meta property=\"og:locale\" content=\"de_DE\" \/>\n<meta property=\"og:type\" content=\"article\" \/>\n<meta property=\"og:title\" content=\"Niederl\u00e4ndische K\u00fcstenwache - K\u00fcstenwache Niederlande\" \/>\n<meta property=\"og:url\" content=\"https:\/\/kustwacht.nl\/de\/\" \/>\n<meta property=\"og:site_name\" content=\"K\u00fcstenwache Niederlande\" \/>\n<meta property=\"article:modified_time\" content=\"2025-06-06T10:09:16+00:00\" \/>\n<meta property=\"og:image\" content=\"https:\/\/kustwacht.nl\/wp-content\/uploads\/2022\/02\/schippers-op-zee.jpg\" \/>\n\t<meta property=\"og:image:width\" content=\"1400\" \/>\n\t<meta property=\"og:image:height\" content=\"725\" \/>\n\t<meta property=\"og:image:type\" content=\"image\/jpeg\" \/>\n<meta name=\"twitter:card\" content=\"summary_large_image\" \/>\n<meta name=\"twitter:label1\" content=\"Est. reading time\" \/>\n\t<meta name=\"twitter:data1\" content=\"2 minutes\" \/>\n<script type=\"application\/ld+json\" class=\"yoast-schema-graph\">{\"@context\":\"https:\\\/\\\/schema.org\",\"@graph\":[{\"@type\":\"WebPage\",\"@id\":\"https:\\\/\\\/kustwacht.nl\\\/de\\\/\",\"url\":\"https:\\\/\\\/kustwacht.nl\\\/de\\\/\",\"name\":\"Niederl\u00e4ndische K\u00fcstenwache - K\u00fcstenwache Niederlande\",\"isPartOf\":{\"@id\":\"https:\\\/\\\/kustwacht.nl\\\/de\\\/#website\"},\"primaryImageOfPage\":{\"@id\":\"https:\\\/\\\/kustwacht.nl\\\/de\\\/#primaryimage\"},\"image\":{\"@id\":\"https:\\\/\\\/kustwacht.nl\\\/de\\\/#primaryimage\"},\"thumbnailUrl\":\"https:\\\/\\\/kustwacht.nl\\\/wp-content\\\/uploads\\\/2022\\\/02\\\/schippers-op-zee.jpg\",\"datePublished\":\"2022-01-31T10:50:12+00:00\",\"dateModified\":\"2025-06-06T10:09:16+00:00\",\"breadcrumb\":{\"@id\":\"https:\\\/\\\/kustwacht.nl\\\/de\\\/#breadcrumb\"},\"inLanguage\":\"de-DE\",\"potentialAction\":[{\"@type\":\"ReadAction\",\"target\":[\"https:\\\/\\\/kustwacht.nl\\\/de\\\/\"]}]},{\"@type\":\"ImageObject\",\"inLanguage\":\"de-DE\",\"@id\":\"https:\\\/\\\/kustwacht.nl\\\/de\\\/#primaryimage\",\"url\":\"https:\\\/\\\/kustwacht.nl\\\/wp-content\\\/uploads\\\/2022\\\/02\\\/schippers-op-zee.jpg\",\"contentUrl\":\"https:\\\/\\\/kustwacht.nl\\\/wp-content\\\/uploads\\\/2022\\\/02\\\/schippers-op-zee.jpg\",\"width\":1600,\"height\":829,\"caption\":\"schippers-op-zee\"},{\"@type\":\"BreadcrumbList\",\"@id\":\"https:\\\/\\\/kustwacht.nl\\\/de\\\/#breadcrumb\",\"itemListElement\":[{\"@type\":\"ListItem\",\"position\":1,\"name\":\"Home\",\"item\":\"https:\\\/\\\/kustwacht.nl\\\/de\\\/\"},{\"@type\":\"ListItem\",\"position\":2,\"name\":\"Niederl\u00e4ndische K\u00fcstenwache\"}]},{\"@type\":\"WebSite\",\"@id\":\"https:\\\/\\\/kustwacht.nl\\\/de\\\/#website\",\"url\":\"https:\\\/\\\/kustwacht.nl\\\/de\\\/\",\"name\":\"K\u00fcstenwache Niederlande\",\"description\":\"En nog een WordPress site\",\"potentialAction\":[{\"@type\":\"SearchAction\",\"target\":{\"@type\":\"EntryPoint\",\"urlTemplate\":\"https:\\\/\\\/kustwacht.nl\\\/de\\\/?s={search_term_string}\"},\"query-input\":{\"@type\":\"PropertyValueSpecification\",\"valueRequired\":true,\"valueName\":\"search_term_string\"}}],\"inLanguage\":\"de-DE\"}]}<\/script>\n<!-- \/ Yoast SEO plugin. -->","yoast_head_json":{"title":"Niederl\u00e4ndische K\u00fcstenwache - K\u00fcstenwache Niederlande","robots":{"index":"index","follow":"follow","max-snippet":"max-snippet:-1","max-image-preview":"max-image-preview:large","max-video-preview":"max-video-preview:-1"},"canonical":"https:\/\/kustwacht.nl\/de\/","og_locale":"de_DE","og_type":"article","og_title":"Niederl\u00e4ndische K\u00fcstenwache - K\u00fcstenwache Niederlande","og_url":"https:\/\/kustwacht.nl\/de\/","og_site_name":"K\u00fcstenwache Niederlande","article_modified_time":"2025-06-06T10:09:16+00:00","og_image":[{"url":"https:\/\/kustwacht.nl\/wp-content\/uploads\/2022\/02\/schippers-op-zee.jpg","width":1400,"height":725,"type":"image\/jpeg"}],"twitter_card":"summary_large_image","twitter_misc":{"Est. reading time":"2 minutes"},"schema":{"@context":"https:\/\/schema.org","@graph":[{"@type":"WebPage","@id":"https:\/\/kustwacht.nl\/de\/","url":"https:\/\/kustwacht.nl\/de\/","name":"Niederl\u00e4ndische K\u00fcstenwache - K\u00fcstenwache Niederlande","isPartOf":{"@id":"https:\/\/kustwacht.nl\/de\/#website"},"primaryImageOfPage":{"@id":"https:\/\/kustwacht.nl\/de\/#primaryimage"},"image":{"@id":"https:\/\/kustwacht.nl\/de\/#primaryimage"},"thumbnailUrl":"https:\/\/kustwacht.nl\/wp-content\/uploads\/2022\/02\/schippers-op-zee.jpg","datePublished":"2022-01-31T10:50:12+00:00","dateModified":"2025-06-06T10:09:16+00:00","breadcrumb":{"@id":"https:\/\/kustwacht.nl\/de\/#breadcrumb"},"inLanguage":"de-DE","potentialAction":[{"@type":"ReadAction","target":["https:\/\/kustwacht.nl\/de\/"]}]},{"@type":"ImageObject","inLanguage":"de-DE","@id":"https:\/\/kustwacht.nl\/de\/#primaryimage","url":"https:\/\/kustwacht.nl\/wp-content\/uploads\/2022\/02\/schippers-op-zee.jpg","contentUrl":"https:\/\/kustwacht.nl\/wp-content\/uploads\/2022\/02\/schippers-op-zee.jpg","width":1600,"height":829,"caption":"schippers-op-zee"},{"@type":"BreadcrumbList","@id":"https:\/\/kustwacht.nl\/de\/#breadcrumb","itemListElement":[{"@type":"ListItem","position":1,"name":"Home","item":"https:\/\/kustwacht.nl\/de\/"},{"@type":"ListItem","position":2,"name":"Niederl\u00e4ndische K\u00fcstenwache"}]},{"@type":"WebSite","@id":"https:\/\/kustwacht.nl\/de\/#website","url":"https:\/\/kustwacht.nl\/de\/","name":"K\u00fcstenwache Niederlande","description":"En nog een WordPress site","potentialAction":[{"@type":"SearchAction","target":{"@type":"EntryPoint","urlTemplate":"https:\/\/kustwacht.nl\/de\/?s={search_term_string}"},"query-input":{"@type":"PropertyValueSpecification","valueRequired":true,"valueName":"search_term_string"}}],"inLanguage":"de-DE"}]}},"_links":{"self":[{"href":"https:\/\/kustwacht.nl\/de\/wp-json\/wp\/v2\/pages\/3937","targetHints":{"allow":["GET"]}}],"collection":[{"href":"https:\/\/kustwacht.nl\/de\/wp-json\/wp\/v2\/pages"}],"about":[{"href":"https:\/\/kustwacht.nl\/de\/wp-json\/wp\/v2\/types\/page"}],"author":[{"embeddable":true,"href":"https:\/\/kustwacht.nl\/de\/wp-json\/wp\/v2\/users\/4"}],"replies":[{"embeddable":true,"href":"https:\/\/kustwacht.nl\/de\/wp-json\/wp\/v2\/comments?post=3937"}],"version-history":[{"count":1,"href":"https:\/\/kustwacht.nl\/de\/wp-json\/wp\/v2\/pages\/3937\/revisions"}],"predecessor-version":[{"id":15735,"href":"https:\/\/kustwacht.nl\/de\/wp-json\/wp\/v2\/pages\/3937\/revisions\/15735"}],"wp:featuredmedia":[{"embeddable":true,"href":"https:\/\/kustwacht.nl\/de\/wp-json\/wp\/v2\/media\/407"}],"wp:attachment":[{"href":"https:\/\/kustwacht.nl\/de\/wp-json\/wp\/v2\/media?parent=3937"}],"wp:term":[{"taxonomy":"category","embeddable":true,"href":"https:\/\/kustwacht.nl\/de\/wp-json\/wp\/v2\/categories?post=3937"},{"taxonomy":"post_tag","embeddable":true,"href":"https:\/\/kustwacht.nl\/de\/wp-json\/wp\/v2\/post_tag?post=3937"}],"curies":[{"name":"wp","href":"https:\/\/api.w.org\/{rel}","templated":true}]}}